{"id":863,"date":"2018-05-29T11:10:26","date_gmt":"2018-05-29T11:10:26","guid":{"rendered":"http:\/\/xtratheme.com\/default\/?page_id=4"},"modified":"2023-06-01T20:15:21","modified_gmt":"2023-06-01T19:15:21","slug":"home","status":"publish","type":"page","link":"https:\/\/prosmartersys.com\/","title":{"rendered":"Home"},"content":{"rendered":"<h2>Votre   Agence de cr\u00e9ation de sites web  professionnels <\/h2>\n<p>Votre agence de cr\u00e9ation de sites web professionnels, sp\u00e9cialis\u00e9e dans la conception de sites modernes et fonctionnels. Contactez-nous pour un design sur mesure et une pr\u00e9sence en ligne efficace.<\/p>\n<p>\t\t\t\t<a href=\"#pricing\"><br \/>\n\t\t\t\t\t\t\t\t\t\t\t<strong>Commencer\t\t\t\t\t\t\t\t\t\t\t\t\t<\/strong><br \/>\n\t\t\t\t\t<b><br \/>\n\t\t\t\t\t\t\t\t\t\t\t\t<strong><br \/>\n\t\t\t\t\t\t\tCommencer\t\t\t\t\t\t\t\t\t\t\t\t\t<\/strong><br \/>\n\t\t\t\t\t\t\t\t\t\t\t<\/b><br \/>\n\t\t\t\t<\/a><br \/>\n\t\t\t<a href=\"#\"><img loading=\"lazy\" width=\"92\" height=\"92\" src=\"https:\/\/prosmartersys.com\/wp-content\/uploads\/2023\/05\/unnamed-1.png\" alt=\"\" decoding=\"async\" \/><img loading=\"lazy\" width=\"92\" height=\"92\" src=\"https:\/\/prosmartersys.com\/wp-content\/uploads\/2023\/05\/unnamed-1.png\" alt=\"\" decoding=\"async\" \/><\/p>\n<h3>Convivialit\u00e9 et exp\u00e9rience utilisateur<\/h3>\n<p><\/a><br \/>\n\t\t\t<a href=\"#\"><img loading=\"lazy\" width=\"92\" height=\"92\" src=\"https:\/\/prosmartersys.com\/wp-content\/uploads\/2023\/05\/unnamed-3.png\" alt=\"\" decoding=\"async\" \/><img loading=\"lazy\" width=\"92\" height=\"92\" src=\"https:\/\/prosmartersys.com\/wp-content\/uploads\/2023\/05\/unnamed-3.png\" alt=\"\" decoding=\"async\" \/><\/p>\n<h3>R\u00e9activit\u00e9 et compatibilit\u00e9 multi-appareils<\/h3>\n<p><\/a><br \/>\n\t\t\t<a href=\"#\"><img loading=\"lazy\" width=\"92\" height=\"92\" src=\"https:\/\/prosmartersys.com\/wp-content\/uploads\/2023\/05\/unnamed.png\" alt=\"\" decoding=\"async\" \/><img loading=\"lazy\" width=\"92\" height=\"92\" src=\"https:\/\/prosmartersys.com\/wp-content\/uploads\/2023\/05\/unnamed.png\" alt=\"\" decoding=\"async\" \/><\/p>\n<h3>Design sur mesure<\/h3>\n<p><\/a><br \/>\n\t\t\t<a href=\"#\"><img loading=\"lazy\" width=\"92\" height=\"92\" src=\"https:\/\/prosmartersys.com\/wp-content\/uploads\/2023\/05\/unnamed-2.png\" alt=\"\" decoding=\"async\" \/><img loading=\"lazy\" width=\"92\" height=\"92\" src=\"https:\/\/prosmartersys.com\/wp-content\/uploads\/2023\/05\/unnamed-2.png\" alt=\"\" decoding=\"async\" \/><\/p>\n<h3>Optimisation pour les moteurs de recherche (SEO)<\/h3>\n<p><\/a>\t\t<\/p>\n<h2>Pourquoi choisir Prosmartersys pour la cr\u00e9ation  de votre  site  web<\/h2>\n<p>Notre \u00e9quipe d&rsquo;experts en conception web travaille en \u00e9troite collaboration avec vous pour comprendre vos besoins, vos objectifs et votre vision. Que vous ayez besoin d&rsquo;un site vitrine, d&rsquo;un site e-commerce ou d&rsquo;un site personnalis\u00e9, nous sommes l\u00e0 pour r\u00e9aliser votre projet avec excellence.<\/p>\n<p>\t\t\t\t<a href=\"#pricing\"><br \/>\n\t\t\t\t\t\t\t\t\t\t\t<strong>Commencer\t\t\t\t\t\t\t\t\t\t\t\t\t<\/strong><br \/>\n\t\t\t\t\t<b><br \/>\n\t\t\t\t\t\t\t\t\t\t\t\t<strong><br \/>\n\t\t\t\t\t\t\tCommencer\t\t\t\t\t\t\t\t\t\t\t\t\t<\/strong><br \/>\n\t\t\t\t\t\t\t\t\t\t\t<\/b><br \/>\n\t\t\t\t<\/a><br \/>\n\t\t\t\t<svg preserveAspectRatio=\"none\" xmlns=\"http:\/\/www.w3.org\/2000\/svg\" width=\"100%\"  viewBox=\"0 0 1600 129\">\n\t\t\t\t\t\t  <path style=\"fill:#545454\" d=\"M799.5-65.74A97.24,97.24,0,1,1,702.26,31.5,97.24,97.24,0,0,1,799.5-65.74Z\"\/>\n\t\t\t\t\t\t  <rect style=\"fill:#545454\" x=\"-15\" y=\"-47\" width=\"1659\" height=\"102\"\/>\n\t\t\t\t\t\t  <circle style=\"fill:#f5f5f5\" cx=\"799.5\" cy=\"31.5\" r=\"71.5\"\/>\n\t\t\t\t\t\t  <rect style=\"fill:#f5f5f5\" x=\"-15\" y=\"-70\" width=\"1659\" height=\"102\"\/>\n\t\t\t\t\t\t<\/svg><br \/>\n\t\t\t\t\t\t<a><\/a><\/p>\n<h3 style=\"text-align: center;\">Nos tarifs<\/h3>\n<p style=\"text-align: center;\">CR\u00c9EZ VOTRE SITE WEB AVEC NOUS.<\/p>\n<p>Tout type de site web<\/p>\n<p>\t\t\t<a data-tab=\"5770a76\" >Site Web<\/a><\/p>\n<style>.elementor-1244 .elementor-element.elementor-element-f61ed18  > .elementor-element-populated{background-color:#ffffff;padding:40px 50px 60px;margin-top:60px;margin-right:15px;margin-left:15px;border-radius:10px;box-shadow:0px 0px 30px 0px rgba(0,0,0,0.1);}.elementor-1244 .elementor-element.elementor-element-f61ed18  > .elementor-element-populated:hover{box-shadow:0px 0px 70px 0px rgba(0,0,0,0.15);}.elementor-1244 .elementor-element.elementor-element-f70cf77 .cz_title .cz_title_content{background-color:#545454;border-radius:99px 0 0 99px;right:-45px;left:auto;}.rtl .elementor-1244 .elementor-element.elementor-element-f70cf77 .cz_title .cz_title_content{right:auto;left:0;}.elementor-1244 .elementor-element.elementor-element-342b776 .elementor-heading-title{color:#004AAD;}.elementor-1244 .elementor-element.elementor-element-201ef36 .cz_gap{height:30px;}.elementor-1244 .elementor-element.elementor-element-78e2555 .cz_stylish_list li{font-size:16px;color:#004aad;font-weight:500;margin-top:0px;margin-bottom:0px;margin-left:30px;}.elementor-1244 .elementor-element.elementor-element-78e2555 .cz_stylish_list i{font-size:18px;color:#545454;}.elementor-1244 .elementor-element.elementor-element-e6d8d8d .cz_gap{height:30px;}.elementor-1244 .elementor-element.elementor-element-fc7a84c .cz_btn,.elementor-1244 .elementor-element.elementor-element-fc7a84c .cz_btn:before{font-size:18px;color:#ffffff;background-color:#545454;padding:8px 35px;border-style:solid;border-width:2px;border-color:#545454;border-radius:99px;}.elementor-1244 .elementor-element.elementor-element-fc7a84c .cz_btn:hover,.elementor-1244 .elementor-element.elementor-element-fc7a84c .cz_btn:after{color:#545454;background-color:transparent;}.elementor-1244 .elementor-element.elementor-element-1408512  > .elementor-element-populated{background-color:#ffffff;padding:40px 50px 60px;margin-right:15px;margin-bottom:60px;margin-left:15px;border-radius:10px;box-shadow:0px 0px 30px 0px rgba(0,0,0,0.1);}.elementor-1244 .elementor-element.elementor-element-1408512  > .elementor-element-populated:hover{box-shadow:0px 0px 70px 0px rgba(0,0,0,0.15);}.elementor-1244 .elementor-element.elementor-element-b348735 .cz_title .cz_title_content{background-color:#004aad;border-radius:99px 0 0 99px;right:-65px;left:auto;}.rtl .elementor-1244 .elementor-element.elementor-element-b348735 .cz_title .cz_title_content{right:auto;left:0;}.elementor-1244 .elementor-element.elementor-element-b4740b6 .elementor-heading-title{color:#004AAD;}.elementor-1244 .elementor-element.elementor-element-6a4cf2c .cz_gap{height:30px;}.elementor-1244 .elementor-element.elementor-element-c718bcb .cz_stylish_list li{font-size:16px;color:#004aad;font-weight:500;margin-top:0px;margin-bottom:0px;margin-left:30px;}.elementor-1244 .elementor-element.elementor-element-c718bcb .cz_stylish_list i{font-size:18px;color:#545454;}.elementor-1244 .elementor-element.elementor-element-259c9ac .cz_gap{height:30px;}.elementor-1244 .elementor-element.elementor-element-4eda634 .cz_btn,.elementor-1244 .elementor-element.elementor-element-4eda634 .cz_btn:before{font-size:18px;color:#ffffff;background-color:#004aad;padding:8px 35px;border-style:solid;border-width:2px;border-color:#004aad;border-radius:99px;}.elementor-1244 .elementor-element.elementor-element-4eda634 .cz_btn:hover,.elementor-1244 .elementor-element.elementor-element-4eda634 .cz_btn:after{color:#004aad;background-color:transparent;}.elementor-1244 .elementor-element.elementor-element-9cf6a95  > .elementor-element-populated{background-color:#ffffff;padding:40px 50px 60px;margin-top:60px;margin-right:15px;margin-left:15px;border-radius:10px;box-shadow:0px 0px 30px 0px rgba(0,0,0,0.1);}.elementor-1244 .elementor-element.elementor-element-9cf6a95  > .elementor-element-populated:hover{box-shadow:0px 0px 70px 0px rgba(0,0,0,0.15);}.elementor-1244 .elementor-element.elementor-element-89d9974 .cz_title .cz_title_content{background-color:#545454;border-radius:99px 0 0 99px;right:-75px;left:auto;}.rtl .elementor-1244 .elementor-element.elementor-element-89d9974 .cz_title .cz_title_content{right:auto;left:0;}.elementor-1244 .elementor-element.elementor-element-f2f3634 .elementor-heading-title{color:#004AAD;}.elementor-1244 .elementor-element.elementor-element-2a8ce52 .cz_gap{height:30px;}.elementor-1244 .elementor-element.elementor-element-609d94f .cz_stylish_list li{font-size:16px;color:#004aad;font-weight:500;margin-top:0px;margin-bottom:0px;margin-left:30px;}.elementor-1244 .elementor-element.elementor-element-609d94f .cz_stylish_list i{font-size:18px;color:#545454;}.elementor-1244 .elementor-element.elementor-element-fdfcb61 .cz_gap{height:30px;}.elementor-1244 .elementor-element.elementor-element-2e0448b .cz_btn,.elementor-1244 .elementor-element.elementor-element-2e0448b .cz_btn:before{font-size:18px;color:#ffffff;background-color:#545454;padding:8px 35px;border-style:solid;border-width:2px;border-color:#545454;border-radius:99px;}.elementor-1244 .elementor-element.elementor-element-2e0448b .cz_btn:hover,.elementor-1244 .elementor-element.elementor-element-2e0448b .cz_btn:after{color:#545454;background-color:transparent;}@media(max-width:1024px){.elementor-1244 .elementor-element.elementor-element-78e2555 .cz_stylish_list li{margin-left:0px;}.elementor-1244 .elementor-element.elementor-element-c718bcb .cz_stylish_list li{margin-left:0px;}.elementor-1244 .elementor-element.elementor-element-609d94f .cz_stylish_list li{margin-left:0px;}}@media(max-width:767px){.elementor-1244 .elementor-element.elementor-element-342b776{text-align:center;}.elementor-1244 .elementor-element.elementor-element-b4740b6{text-align:center;}.elementor-1244 .elementor-element.elementor-element-f2f3634{text-align:center;}}<\/style>\n<section data-id=\"11e159e\" data-element_type=\"section\">\n\t\t\tBasique<\/p>\n<style>\/*! elementor - v3.13.2 - 11-05-2023 *\/\n.elementor-heading-title{padding:0;margin:0;line-height:1}.elementor-widget-heading .elementor-heading-title[class*=elementor-size-]>a{color:inherit;font-size:inherit;line-height:inherit}.elementor-widget-heading .elementor-heading-title.elementor-size-small{font-size:15px}.elementor-widget-heading .elementor-heading-title.elementor-size-medium{font-size:19px}.elementor-widget-heading .elementor-heading-title.elementor-size-large{font-size:29px}.elementor-widget-heading .elementor-heading-title.elementor-size-xl{font-size:39px}.elementor-widget-heading .elementor-heading-title.elementor-size-xxl{font-size:59px}<\/style>\n<h4>Starter<\/h4>\n<h3 style=\"font-weight: 100;font-size: 48px;\" >1500dh<\/h3>\n<ul>\n<li>Domain Gratuit .com<\/li>\n<li>Hebergement inclus<\/li>\n<li>20 GB Stockage SSD<\/li>\n<li>Formation de Gestion<\/li>\n<li>Page Accueil<\/li>\n<li>&#8212;&#8212;&#8212;&#8212;&#8212;-<\/li>\n<li>Formulaire de contact<\/li>\n<li>Responsive &#038; Modern<\/li>\n<li>&#8212;&#8212;&#8212;&#8212;&#8212;-<\/li>\n<li>1 Mois Support<\/li>\n<\/ul>\n<p>\t\t\t\t<a href=\"https:\/\/prosmartersys.com\/shop\/\"><br \/>\n\t\t\t\t\t\t\t\t\t\t\t<strong>D\u00e9marrer\t\t\t\t\t\t\t\t\t\t\t\t\t<\/strong><br \/>\n\t\t\t\t\t<b><br \/>\n\t\t\t\t\t\t\t\t\t\t\t\t<strong><br \/>\n\t\t\t\t\t\t\tBon choix\t\t\t\t\t\t\t\t\t\t\t\t\t<\/strong><br \/>\n\t\t\t\t\t\t\t\t\t\t\t<\/b><br \/>\n\t\t\t\t<\/a><br \/>\n\t\t\t<button data-id=\"14\" data-post_id=\"863\" data-allow_outside_click=\"1\" data-width=\"500px\">D\u00e9marrer<\/button><br \/>\n\t\t\tProfessionnel<\/p>\n<h4>Professionnel<\/h4>\n<h3 style=\"font-weight: 100;font-size: 48px;\">1900dh<\/h3>\n<ul>\n<li>Domain Gratuit .com<\/li>\n<li>Hebergement inclus<\/li>\n<li>20 GB Stockage SSD<\/li>\n<li>Formation de Gestion<\/li>\n<li>6 Pages<\/li>\n<li>Site web Analytics<\/li>\n<li>Formulaire de contact<\/li>\n<li>Responsive &#038; Modern<\/li>\n<li>&#8212;&#8212;&#8212;&#8212;&#8212;-<\/li>\n<li>1 Mois Support<\/li>\n<\/ul>\n<p>\t\t\t\t<a href=\"https:\/\/prosmartersys.com\/shop\/\"><br \/>\n\t\t\t\t\t\t\t\t\t\t\t<strong>D\u00e9marrer\t\t\t\t\t\t\t\t\t\t\t\t\t<\/strong><br \/>\n\t\t\t\t\t<b><br \/>\n\t\t\t\t\t\t\t\t\t\t\t\t<strong><br \/>\n\t\t\t\t\t\t\tMeilleur choix\t\t\t\t\t\t\t\t\t\t\t\t\t<\/strong><br \/>\n\t\t\t\t\t\t\t\t\t\t\t<\/b><br \/>\n\t\t\t\t<\/a><br \/>\n\t\t\t<button data-id=\"14\" data-post_id=\"863\" data-allow_outside_click=\"1\" data-width=\"500px\">D\u00e9marrer<\/button><br \/>\n\t\t\tPremium<\/p>\n<h4>Premium<\/h4>\n<h3 style=\"font-weight: 100;font-size: 48px;\">2400dh<\/h3>\n<ul>\n<li>Domain Gratuit .com<\/li>\n<li>Hebergement inclus<\/li>\n<li>20 GB Stockage SSD<\/li>\n<li>Formation de Gestion<\/li>\n<li>10 Pages<\/li>\n<li>Site web Analytics<\/li>\n<li>Formulaire de contact<\/li>\n<li>Responsive &#038; Modern<\/li>\n<li>Inscription de compte<\/li>\n<li>1 Mois Support<\/li>\n<\/ul>\n<p>\t\t\t\t<a href=\"https:\/\/prosmartersys.com\/shop\/\"><br \/>\n\t\t\t\t\t\t\t\t\t\t\t<strong>D\u00e9marrer\t\t\t\t\t\t\t\t\t\t\t\t\t<\/strong><br \/>\n\t\t\t\t\t<b><br \/>\n\t\t\t\t\t\t\t\t\t\t\t\t<strong><br \/>\n\t\t\t\t\t\t\tChoix Premium\t\t\t\t\t\t\t\t\t\t\t\t\t<\/strong><br \/>\n\t\t\t\t\t\t\t\t\t\t\t<\/b><br \/>\n\t\t\t\t<\/a><br \/>\n\t\t\t<button data-id=\"14\" data-post_id=\"863\" data-allow_outside_click=\"1\" data-width=\"500px\">D\u00e9marrer<\/button><br \/>\n\t\t<\/section>\n<h3 style=\"text-align: center;\">Nos projets<\/h3>\n<p>\t\t\t<a href=\"https:\/\/prosmartersys.com\/wp-content\/uploads\/2023\/06\/350788632_281495137653713_6807577937157024575_n.jpg\" data-xtra-lightbox><img loading=\"lazy\" width=\"600\" height=\"600\" src=\"https:\/\/prosmartersys.com\/wp-content\/uploads\/2023\/06\/350788632_281495137653713_6807577937157024575_n-600x600.jpg\" alt=\"\" decoding=\"async\" srcset=\"https:\/\/prosmartersys.com\/wp-content\/uploads\/2023\/06\/350788632_281495137653713_6807577937157024575_n-600x600.jpg 600w, https:\/\/prosmartersys.com\/wp-content\/uploads\/2023\/06\/350788632_281495137653713_6807577937157024575_n-150x150.jpg 150w, https:\/\/prosmartersys.com\/wp-content\/uploads\/2023\/06\/350788632_281495137653713_6807577937157024575_n-100x100.jpg 100w\" sizes=\"auto, (max-width: 600px) 100vw, 600px\" \/><\/a><a href=\"https:\/\/prosmartersys.com\/wp-content\/uploads\/2023\/06\/350925430_637291341281705_5295883435617230391_n.jpg\" data-xtra-lightbox><img loading=\"lazy\" width=\"600\" height=\"600\" src=\"https:\/\/prosmartersys.com\/wp-content\/uploads\/2023\/06\/350925430_637291341281705_5295883435617230391_n-600x600.jpg\" alt=\"\" decoding=\"async\" srcset=\"https:\/\/prosmartersys.com\/wp-content\/uploads\/2023\/06\/350925430_637291341281705_5295883435617230391_n-600x600.jpg 600w, https:\/\/prosmartersys.com\/wp-content\/uploads\/2023\/06\/350925430_637291341281705_5295883435617230391_n-150x150.jpg 150w, https:\/\/prosmartersys.com\/wp-content\/uploads\/2023\/06\/350925430_637291341281705_5295883435617230391_n-100x100.jpg 100w\" sizes=\"auto, (max-width: 600px) 100vw, 600px\" \/><\/a><a href=\"https:\/\/prosmartersys.com\/wp-content\/uploads\/2023\/06\/350925459_149857644746135_7533283878868203291_n.jpg\" data-xtra-lightbox><img loading=\"lazy\" width=\"600\" height=\"600\" src=\"https:\/\/prosmartersys.com\/wp-content\/uploads\/2023\/06\/350925459_149857644746135_7533283878868203291_n-600x600.jpg\" alt=\"\" decoding=\"async\" srcset=\"https:\/\/prosmartersys.com\/wp-content\/uploads\/2023\/06\/350925459_149857644746135_7533283878868203291_n-600x600.jpg 600w, https:\/\/prosmartersys.com\/wp-content\/uploads\/2023\/06\/350925459_149857644746135_7533283878868203291_n-150x150.jpg 150w, https:\/\/prosmartersys.com\/wp-content\/uploads\/2023\/06\/350925459_149857644746135_7533283878868203291_n-100x100.jpg 100w\" sizes=\"auto, (max-width: 600px) 100vw, 600px\" \/><\/a><a href=\"https:\/\/prosmartersys.com\/wp-content\/uploads\/2023\/06\/350638835_641092957478568_3200746513648230395_n.jpg\" data-xtra-lightbox><img loading=\"lazy\" width=\"600\" height=\"600\" src=\"https:\/\/prosmartersys.com\/wp-content\/uploads\/2023\/06\/350638835_641092957478568_3200746513648230395_n-600x600.jpg\" alt=\"\" decoding=\"async\" srcset=\"https:\/\/prosmartersys.com\/wp-content\/uploads\/2023\/06\/350638835_641092957478568_3200746513648230395_n-600x600.jpg 600w, https:\/\/prosmartersys.com\/wp-content\/uploads\/2023\/06\/350638835_641092957478568_3200746513648230395_n-150x150.jpg 150w, https:\/\/prosmartersys.com\/wp-content\/uploads\/2023\/06\/350638835_641092957478568_3200746513648230395_n-100x100.jpg 100w\" sizes=\"auto, (max-width: 600px) 100vw, 600px\" \/><\/a><a href=\"https:\/\/prosmartersys.com\/wp-content\/uploads\/2023\/06\/350378774_3484662478447085_5720189699355986189_n.jpg\" data-xtra-lightbox><img loading=\"lazy\" width=\"600\" height=\"600\" src=\"https:\/\/prosmartersys.com\/wp-content\/uploads\/2023\/06\/350378774_3484662478447085_5720189699355986189_n-600x600.jpg\" alt=\"\" decoding=\"async\" srcset=\"https:\/\/prosmartersys.com\/wp-content\/uploads\/2023\/06\/350378774_3484662478447085_5720189699355986189_n-600x600.jpg 600w, https:\/\/prosmartersys.com\/wp-content\/uploads\/2023\/06\/350378774_3484662478447085_5720189699355986189_n-150x150.jpg 150w, https:\/\/prosmartersys.com\/wp-content\/uploads\/2023\/06\/350378774_3484662478447085_5720189699355986189_n-100x100.jpg 100w\" sizes=\"auto, (max-width: 600px) 100vw, 600px\" \/><\/a><a href=\"https:\/\/prosmartersys.com\/wp-content\/uploads\/2023\/06\/350455685_795994488758033_4413178990547819325_n.jpg\" data-xtra-lightbox><img loading=\"lazy\" width=\"600\" height=\"600\" src=\"https:\/\/prosmartersys.com\/wp-content\/uploads\/2023\/06\/350455685_795994488758033_4413178990547819325_n-600x600.jpg\" alt=\"\" decoding=\"async\" srcset=\"https:\/\/prosmartersys.com\/wp-content\/uploads\/2023\/06\/350455685_795994488758033_4413178990547819325_n-600x600.jpg 600w, https:\/\/prosmartersys.com\/wp-content\/uploads\/2023\/06\/350455685_795994488758033_4413178990547819325_n-150x150.jpg 150w, https:\/\/prosmartersys.com\/wp-content\/uploads\/2023\/06\/350455685_795994488758033_4413178990547819325_n-100x100.jpg 100w\" sizes=\"auto, (max-width: 600px) 100vw, 600px\" \/><\/a><a href=\"https:\/\/prosmartersys.com\/wp-content\/uploads\/2023\/06\/350329709_2525265100959998_9133726887730575715_n.jpg\" data-xtra-lightbox><img loading=\"lazy\" width=\"600\" height=\"600\" src=\"https:\/\/prosmartersys.com\/wp-content\/uploads\/2023\/06\/350329709_2525265100959998_9133726887730575715_n-600x600.jpg\" alt=\"\" decoding=\"async\" srcset=\"https:\/\/prosmartersys.com\/wp-content\/uploads\/2023\/06\/350329709_2525265100959998_9133726887730575715_n-600x600.jpg 600w, https:\/\/prosmartersys.com\/wp-content\/uploads\/2023\/06\/350329709_2525265100959998_9133726887730575715_n-150x150.jpg 150w, https:\/\/prosmartersys.com\/wp-content\/uploads\/2023\/06\/350329709_2525265100959998_9133726887730575715_n-100x100.jpg 100w\" sizes=\"auto, (max-width: 600px) 100vw, 600px\" \/><\/a><a href=\"https:\/\/prosmartersys.com\/wp-content\/uploads\/2023\/06\/350660644_989615432037282_1869717567612359423_n.jpg\" data-xtra-lightbox><img loading=\"lazy\" width=\"600\" height=\"600\" src=\"https:\/\/prosmartersys.com\/wp-content\/uploads\/2023\/06\/350660644_989615432037282_1869717567612359423_n-600x600.jpg\" alt=\"\" decoding=\"async\" srcset=\"https:\/\/prosmartersys.com\/wp-content\/uploads\/2023\/06\/350660644_989615432037282_1869717567612359423_n-600x600.jpg 600w, https:\/\/prosmartersys.com\/wp-content\/uploads\/2023\/06\/350660644_989615432037282_1869717567612359423_n-150x150.jpg 150w, https:\/\/prosmartersys.com\/wp-content\/uploads\/2023\/06\/350660644_989615432037282_1869717567612359423_n-100x100.jpg 100w\" sizes=\"auto, (max-width: 600px) 100vw, 600px\" \/><\/a><a href=\"https:\/\/prosmartersys.com\/wp-content\/uploads\/2023\/06\/350624775_105441179238403_8448666498845822190_n.jpg\" data-xtra-lightbox><img loading=\"lazy\" width=\"600\" height=\"600\" src=\"https:\/\/prosmartersys.com\/wp-content\/uploads\/2023\/06\/350624775_105441179238403_8448666498845822190_n-600x600.jpg\" alt=\"\" decoding=\"async\" srcset=\"https:\/\/prosmartersys.com\/wp-content\/uploads\/2023\/06\/350624775_105441179238403_8448666498845822190_n-600x600.jpg 600w, https:\/\/prosmartersys.com\/wp-content\/uploads\/2023\/06\/350624775_105441179238403_8448666498845822190_n-150x150.jpg 150w, https:\/\/prosmartersys.com\/wp-content\/uploads\/2023\/06\/350624775_105441179238403_8448666498845822190_n-100x100.jpg 100w\" sizes=\"auto, (max-width: 600px) 100vw, 600px\" \/><\/a><\/p>\n","protected":false},"excerpt":{"rendered":"<p>Votre Agence de cr\u00e9ation de sites web professionnels Votre agence de cr\u00e9ation de sites web professionnels, sp\u00e9cialis\u00e9e dans la conception de sites modernes et fonctionnels. Contactez-nous pour un design sur mesure et une pr\u00e9sence en ligne efficace. Commencer Commencer Convivialit\u00e9 et exp\u00e9rience utilisateur R\u00e9activit\u00e9 et compatibilit\u00e9 multi-appareils Design sur mesure Optimisation pour les moteurs de [&hellip;]<\/p>\n","protected":false},"author":1,"featured_media":0,"parent":0,"menu_order":0,"comment_status":"closed","ping_status":"closed","template":"","meta":{"_themeisle_gutenberg_block_has_review":false,"footnotes":""},"class_list":["post-863","page","type-page","status-publish","hentry"],"_links":{"self":[{"href":"https:\/\/prosmartersys.com\/index.php\/wp-json\/wp\/v2\/pages\/863","targetHints":{"allow":["GET"]}}],"collection":[{"href":"https:\/\/prosmartersys.com\/index.php\/wp-json\/wp\/v2\/pages"}],"about":[{"href":"https:\/\/prosmartersys.com\/index.php\/wp-json\/wp\/v2\/types\/page"}],"author":[{"embeddable":true,"href":"https:\/\/prosmartersys.com\/index.php\/wp-json\/wp\/v2\/users\/1"}],"replies":[{"embeddable":true,"href":"https:\/\/prosmartersys.com\/index.php\/wp-json\/wp\/v2\/comments?post=863"}],"version-history":[{"count":89,"href":"https:\/\/prosmartersys.com\/index.php\/wp-json\/wp\/v2\/pages\/863\/revisions"}],"predecessor-version":[{"id":1497,"href":"https:\/\/prosmartersys.com\/index.php\/wp-json\/wp\/v2\/pages\/863\/revisions\/1497"}],"wp:attachment":[{"href":"https:\/\/prosmartersys.com\/index.php\/wp-json\/wp\/v2\/media?parent=863"}],"curies":[{"name":"wp","href":"https:\/\/api.w.org\/{rel}","templated":true}]}}